{"id":446,"date":"2021-05-13T21:01:34","date_gmt":"2021-05-13T19:01:34","guid":{"rendered":"https:\/\/eisenbahn-freunde-bad-schoenborn.de\/wp\/?page_id=446"},"modified":"2022-10-04T08:40:26","modified_gmt":"2022-10-04T06:40:26","slug":"gleisanlage","status":"publish","type":"page","link":"https:\/\/eisenbahn-freunde-bad-schoenborn.de\/wp\/gleisanlage\/","title":{"rendered":"Gleisanlage"},"content":{"rendered":"\t\t<div data-elementor-type=\"wp-page\" data-elementor-id=\"446\" class=\"elementor elementor-446\">\n\t\t\t\t\t\t<section class=\"elementor-section elementor-top-section elementor-element elementor-element-9d15d07 elementor-section-boxed elementor-section-height-default elementor-section-height-default\" data-id=\"9d15d07\" data-element_type=\"section\">\n\t\t\t\t\t\t<div class=\"elementor-container elementor-column-gap-default\">\n\t\t\t\t\t<div class=\"elementor-column elementor-col-100 elementor-top-column elementor-element elementor-element-aae6748\" data-id=\"aae6748\" data-element_type=\"column\">\n\t\t\t<div class=\"elementor-widget-wrap elementor-element-populated\">\n\t\t\t\t\t\t<div class=\"elementor-element elementor-element-4cb9b87 elementor-widget elementor-widget-spacer\" data-id=\"4cb9b87\" data-element_type=\"widget\" data-widget_type=\"spacer.default\">\n\t\t\t\t<div class=\"elementor-widget-container\">\n\t\t\t\t\t\t\t<div class=\"elementor-spacer\">\n\t\t\t<div class=\"elementor-spacer-inner\"><\/div>\n\t\t<\/div>\n\t\t\t\t\t\t<\/div>\n\t\t\t\t<\/div>\n\t\t\t\t\t<\/div>\n\t\t<\/div>\n\t\t\t\t\t<\/div>\n\t\t<\/section>\n\t\t\t\t<section class=\"elementor-section elementor-top-section elementor-element elementor-element-f71e786 elementor-section-boxed elementor-section-height-default elementor-section-height-default\" data-id=\"f71e786\" data-element_type=\"section\">\n\t\t\t\t\t\t<div class=\"elementor-container elementor-column-gap-default\">\n\t\t\t\t\t<div class=\"elementor-column elementor-col-66 elementor-top-column elementor-element elementor-element-e658b2b\" data-id=\"e658b2b\" data-element_type=\"column\">\n\t\t\t<div class=\"elementor-widget-wrap elementor-element-populated\">\n\t\t\t\t\t\t<div class=\"elementor-element elementor-element-b72bd52 elementor-widget elementor-widget-bdt-advanced-image-gallery\" data-id=\"b72bd52\" data-element_type=\"widget\" data-widget_type=\"bdt-advanced-image-gallery.default\">\n\t\t\t\t<div class=\"elementor-widget-container\">\n\t\t\t\t\t\t\t<div id=\"bdt-avdg-b72bd52\" class=\"bdt-advanced-image-gallery bdt-skin-default bdt-grid bdt-grid-small bdt-child-width-1- bdt-child-width-1-@s bdt-child-width-1-1@m\" data-bdt-grid=\"\" data-bdt-lightbox=\"animation: slide;\" data-settings=\"{&quot;id&quot;:&quot;#bdt-avdg-b72bd52&quot;,&quot;tiltShow&quot;:false}\">\n\t\t\n\t\t\t<div class=\"bdt-gallery-item bdt-transition-toggle\">\n\t\t\t\t<div class=\"bdt-advanced-image-gallery-inner bdt-image-mask\">\n\t\t\t\t\t<div class=\"bdt-gallery-thumbnail bdt-transition-toggle\">\n\t\t\t<img decoding=\"async\"  src=\"https:\/\/eisenbahn-freunde-bad-schoenborn.de\/wp\/wp-content\/uploads\/2021\/05\/Gleisanlage_2018-1536x790.jpg\" alt=\"Gleisanlage\" class=\"jgalleryImage\">\n\t\t<\/div>\t\t<div class=\"bdt-position-cover bdt-overlay bdt-overlay-default bdt-transition-fade\">\n\t\t\t<div class=\"bdt-advanced-image-gallery-content\">\n\t\t\t\t<div class=\"bdt-advanced-image-gallery-content-inner\">\n\t\t\t\t\n\t\t\t\t\t\t\t\t\t\t\t\t\t\t\t\t<div class=\"bdt-flex-inline bdt-gallery-item-link-wrapper\">\n\t\t\t\t\t\t\t<a class=\"bdt-gallery-item-link elementor-clickable icon-type-icon\" data-elementor-open-lightbox=\"no\" data-caption=\"Gleisanlage\" href=\"https:\/\/eisenbahn-freunde-bad-schoenborn.de\/wp\/wp-content\/uploads\/2021\/05\/Gleisanlage_2018.jpg\">\n\t\t\t\t\t\t\t\t\n\t\t\t\t\t\t\t\t\t\t\t\t\t\t\t\t\t\t\t<span>\n\t\t\t\t\t\t\t\t\t\t\t<i class=\"ep-plus-2\"><\/i>\n\t\t\t\t\t\t\t\t\t\t<\/span>\n\t\t\t\t\t\t\t\t\t\n\t\t\t\t\t\t\t\t\t\t\t\t\t\t\t<\/a>\n\t\t\t\t\t\t<\/div>\n\t\t\t\t\t\n\t\t\t\t\t\t\t\t\t<\/div>\n\t\t\t<\/div>\n\t\t<\/div>\n\t\t\t\t\t\t<\/div>\n\t\t\t\t\t\t\t<\/div>\n\n\t\t\t\t<\/div>\n\t\t\t\t\t\t<\/div>\n\t\t\t\t<\/div>\n\t\t\t\t\t<\/div>\n\t\t<\/div>\n\t\t\t\t<div class=\"elementor-column elementor-col-33 elementor-top-column elementor-element elementor-element-41dc700\" data-id=\"41dc700\" data-element_type=\"column\">\n\t\t\t<div class=\"elementor-widget-wrap elementor-element-populated\">\n\t\t\t\t\t\t<div class=\"elementor-element elementor-element-61180bd elementor-widget elementor-widget-text-editor\" data-id=\"61180bd\" data-element_type=\"widget\" data-widget_type=\"text-editor.default\">\n\t\t\t\t<div class=\"elementor-widget-container\">\n\t\t\t\t\t\t\t\t\t<p>Die Gleisanlage und die einzelnen Exponate im \u00dcberblick.<\/p><ul><li>1) Schiebeb\u00fchne<\/li><li>2) Lokschuppen<\/li><li>3)\u00a0G\u00fcterhalle<\/li><li>4) Bahnhof<\/li><li>5) Kirche<\/li><li>6) Stellwerk<\/li><li>7) Modulanlage H0<\/li><li>8) LGB Anlage<\/li><li>9) Wagenhalle tief<\/li><li>10) G\u00fcterbahnhof<\/li><li>11) Wagenhalle Container<\/li><li>12) historischer Packwagen\/ Gep\u00e4ckabfertigung<\/li><li>13) historische Diesellok<\/li><\/ul>\t\t\t\t\t\t\t\t<\/div>\n\t\t\t\t<\/div>\n\t\t\t\t\t<\/div>\n\t\t<\/div>\n\t\t\t\t\t<\/div>\n\t\t<\/section>\n\t\t\t\t<section class=\"elementor-section elementor-top-section elementor-element elementor-element-6e5e325 elementor-section-boxed elementor-section-height-default elementor-section-height-default\" data-id=\"6e5e325\" data-element_type=\"section\">\n\t\t\t\t\t\t<div class=\"elementor-container elementor-column-gap-default\">\n\t\t\t\t\t<div class=\"elementor-column elementor-col-100 elementor-top-column elementor-element elementor-element-7373464\" data-id=\"7373464\" data-element_type=\"column\">\n\t\t\t<div class=\"elementor-widget-wrap elementor-element-populated\">\n\t\t\t\t\t\t<div class=\"elementor-element elementor-element-a72c797 elementor-widget elementor-widget-text-editor\" data-id=\"a72c797\" data-element_type=\"widget\" data-widget_type=\"text-editor.default\">\n\t\t\t\t<div class=\"elementor-widget-container\">\n\t\t\t\t\t\t\t\t\t<p>Unsere Gleisanlage verf\u00fcgt \u00fcber ca. 600m voll befahrbare Gleise mit einer Kombinationsspur von 5 Zoll und 7 1\/4 Zoll. Dazu kommen noch verschiedene Abstellanlagen, etwa der Rangierbahnhof, Stichgleise und die Schiebeb\u00fchne, die zusammen etwa 150m Gleise der beiden Spurweiten bieten.<\/p><p>Der Radius des Au\u00dfenkreises betr\u00e4gt 12m, der des Innenkreises betr\u00e4gt 9m.<\/p><p>Neben der Hauptattraktion finden sich auf dem ganzen Gel\u00e4nde verschiedene Ausstellungsst\u00fccke der verschiedenen Bahnepochen, darunter eine historische Deutz-Rangierlokomotive (unsere &#8222;Hausnummer&#8220;), ein kompletter Gep\u00e4ckwagen, verschiedene Signale (Fl\u00fcgelsignale, Lichtsignale), originales Interieur von Eisenbahnwagen und viele gro\u00dfe und kleine Exponate.<\/p><p>Au\u00dferdem verf\u00fcgen wir \u00fcber eine gro\u00dfe LGB-Anlage und \u00fcber eine modular aufgebaute M\u00e4rklin H0 Anlage.<\/p>\t\t\t\t\t\t\t\t<\/div>\n\t\t\t\t<\/div>\n\t\t\t\t\t<\/div>\n\t\t<\/div>\n\t\t\t\t\t<\/div>\n\t\t<\/section>\n\t\t\t\t<\/div>\n\t\t","protected":false},"excerpt":{"rendered":"<p>Die Gleisanlage und die einzelnen Exponate im \u00dcberblick. 1) Schiebeb\u00fchne 2) Lokschuppen 3)\u00a0G\u00fcterhalle 4) Bahnhof 5) Kirche 6) Stellwerk 7) Modulanlage H0 [&hellip;]<\/p>\n","protected":false},"author":2,"featured_media":0,"parent":0,"menu_order":0,"comment_status":"closed","ping_status":"closed","template":"","meta":{"footnotes":""},"class_list":["post-446","page","type-page","status-publish","hentry"],"_links":{"self":[{"href":"https:\/\/eisenbahn-freunde-bad-schoenborn.de\/wp\/wp-json\/wp\/v2\/pages\/446","targetHints":{"allow":["GET"]}}],"collection":[{"href":"https:\/\/eisenbahn-freunde-bad-schoenborn.de\/wp\/wp-json\/wp\/v2\/pages"}],"about":[{"href":"https:\/\/eisenbahn-freunde-bad-schoenborn.de\/wp\/wp-json\/wp\/v2\/types\/page"}],"author":[{"embeddable":true,"href":"https:\/\/eisenbahn-freunde-bad-schoenborn.de\/wp\/wp-json\/wp\/v2\/users\/2"}],"replies":[{"embeddable":true,"href":"https:\/\/eisenbahn-freunde-bad-schoenborn.de\/wp\/wp-json\/wp\/v2\/comments?post=446"}],"version-history":[{"count":10,"href":"https:\/\/eisenbahn-freunde-bad-schoenborn.de\/wp\/wp-json\/wp\/v2\/pages\/446\/revisions"}],"predecessor-version":[{"id":1525,"href":"https:\/\/eisenbahn-freunde-bad-schoenborn.de\/wp\/wp-json\/wp\/v2\/pages\/446\/revisions\/1525"}],"wp:attachment":[{"href":"https:\/\/eisenbahn-freunde-bad-schoenborn.de\/wp\/wp-json\/wp\/v2\/media?parent=446"}],"curies":[{"name":"wp","href":"https:\/\/api.w.org\/{rel}","templated":true}]}}