{"id":438,"date":"2021-05-13T20:56:23","date_gmt":"2021-05-13T18:56:23","guid":{"rendered":"https:\/\/eisenbahn-freunde-bad-schoenborn.de\/wp\/?page_id=438"},"modified":"2021-05-15T17:37:21","modified_gmt":"2021-05-15T15:37:21","slug":"anfahrt","status":"publish","type":"page","link":"https:\/\/eisenbahn-freunde-bad-schoenborn.de\/wp\/anfahrt\/","title":{"rendered":"Anfahrt"},"content":{"rendered":"\t\t<div data-elementor-type=\"wp-page\" data-elementor-id=\"438\" class=\"elementor elementor-438\">\n\t\t\t\t\t\t<section class=\"elementor-section elementor-top-section elementor-element elementor-element-c29fef4 elementor-section-boxed elementor-section-height-default elementor-section-height-default\" data-id=\"c29fef4\" data-element_type=\"section\">\n\t\t\t\t\t\t<div class=\"elementor-container elementor-column-gap-default\">\n\t\t\t\t\t<div class=\"elementor-column elementor-col-100 elementor-top-column elementor-element elementor-element-23ed897\" data-id=\"23ed897\" data-element_type=\"column\">\n\t\t\t<div class=\"elementor-widget-wrap elementor-element-populated\">\n\t\t\t\t\t\t<div class=\"elementor-element elementor-element-8461e5a elementor-widget elementor-widget-spacer\" data-id=\"8461e5a\" data-element_type=\"widget\" data-widget_type=\"spacer.default\">\n\t\t\t\t<div class=\"elementor-widget-container\">\n\t\t\t\t\t\t\t<div class=\"elementor-spacer\">\n\t\t\t<div class=\"elementor-spacer-inner\"><\/div>\n\t\t<\/div>\n\t\t\t\t\t\t<\/div>\n\t\t\t\t<\/div>\n\t\t\t\t\t<\/div>\n\t\t<\/div>\n\t\t\t\t\t<\/div>\n\t\t<\/section>\n\t\t\t\t<section class=\"elementor-section elementor-top-section elementor-element elementor-element-b7cc24b elementor-section-content-middle elementor-section-boxed elementor-section-height-default elementor-section-height-default\" data-id=\"b7cc24b\" data-element_type=\"section\">\n\t\t\t\t\t\t<div class=\"elementor-container elementor-column-gap-default\">\n\t\t\t\t\t<div class=\"elementor-column elementor-col-33 elementor-top-column elementor-element elementor-element-fe17068\" data-id=\"fe17068\" data-element_type=\"column\">\n\t\t\t<div class=\"elementor-widget-wrap elementor-element-populated\">\n\t\t\t\t\t\t<div class=\"elementor-element elementor-element-f6897ca elementor-widget elementor-widget-google_maps\" data-id=\"f6897ca\" data-element_type=\"widget\" data-widget_type=\"google_maps.default\">\n\t\t\t\t<div class=\"elementor-widget-container\">\n\t\t\t\t\t\t\t<div class=\"elementor-custom-embed\">\n\t\t\t<iframe loading=\"lazy\"\n\t\t\t\t\tsrc=\"https:\/\/maps.google.com\/maps?q=Eisenbahnfreunde%20Bad%20Sch%C3%B6nborn&#038;t=m&#038;z=9&#038;output=embed&#038;iwloc=near\"\n\t\t\t\t\ttitle=\"Eisenbahnfreunde Bad Sch\u00f6nborn\"\n\t\t\t\t\taria-label=\"Eisenbahnfreunde Bad Sch\u00f6nborn\"\n\t\t\t><\/iframe>\n\t\t<\/div>\n\t\t\t\t\t\t<\/div>\n\t\t\t\t<\/div>\n\t\t\t\t\t<\/div>\n\t\t<\/div>\n\t\t\t\t<div class=\"elementor-column elementor-col-66 elementor-top-column elementor-element elementor-element-ec7f59b\" data-id=\"ec7f59b\" data-element_type=\"column\">\n\t\t\t<div class=\"elementor-widget-wrap elementor-element-populated\">\n\t\t\t\t\t\t<div class=\"elementor-element elementor-element-a8190a3 elementor-widget elementor-widget-text-editor\" data-id=\"a8190a3\" data-element_type=\"widget\" data-widget_type=\"text-editor.default\">\n\t\t\t\t<div class=\"elementor-widget-container\">\n\t\t\t\t\t\t\t\t\t<p>Die Vereinsanlagen und das Freilichtmuseum befinden sich in<\/p><p>76669 Bad Sch\u00f6nborn, Ortsteil Bad Mingolsheim,<br \/>Professor-Kurt-Sauer-Stra\u00dfe<\/p><p><strong>Anreise per Auto:<br \/><\/strong>Benutzen Sie daf\u00fcr einfach die Funktion \u201eRoutenplanung\u201c auf dieser Seite<strong><br \/><\/strong><\/p>\t\t\t\t\t\t\t\t<\/div>\n\t\t\t\t<\/div>\n\t\t\t\t\t<\/div>\n\t\t<\/div>\n\t\t\t\t\t<\/div>\n\t\t<\/section>\n\t\t\t\t<section class=\"elementor-section elementor-top-section elementor-element elementor-element-3f6d418 elementor-section-boxed elementor-section-height-default elementor-section-height-default\" data-id=\"3f6d418\" data-element_type=\"section\">\n\t\t\t\t\t\t<div class=\"elementor-container elementor-column-gap-default\">\n\t\t\t\t\t<div class=\"elementor-column elementor-col-100 elementor-top-column elementor-element elementor-element-fb4c0d9\" data-id=\"fb4c0d9\" data-element_type=\"column\">\n\t\t\t<div class=\"elementor-widget-wrap elementor-element-populated\">\n\t\t\t\t\t\t<div class=\"elementor-element elementor-element-fe18434 elementor-widget elementor-widget-spacer\" data-id=\"fe18434\" data-element_type=\"widget\" data-widget_type=\"spacer.default\">\n\t\t\t\t<div class=\"elementor-widget-container\">\n\t\t\t\t\t\t\t<div class=\"elementor-spacer\">\n\t\t\t<div class=\"elementor-spacer-inner\"><\/div>\n\t\t<\/div>\n\t\t\t\t\t\t<\/div>\n\t\t\t\t<\/div>\n\t\t\t\t\t<\/div>\n\t\t<\/div>\n\t\t\t\t\t<\/div>\n\t\t<\/section>\n\t\t\t\t<section class=\"elementor-section elementor-top-section elementor-element elementor-element-3749c41 elementor-section-boxed elementor-section-height-default elementor-section-height-default\" data-id=\"3749c41\" data-element_type=\"section\">\n\t\t\t\t\t\t<div class=\"elementor-container elementor-column-gap-default\">\n\t\t\t\t\t<div class=\"elementor-column elementor-col-33 elementor-top-column elementor-element elementor-element-38f7473\" data-id=\"38f7473\" data-element_type=\"column\">\n\t\t\t<div class=\"elementor-widget-wrap elementor-element-populated\">\n\t\t\t\t\t\t<div class=\"elementor-element elementor-element-be2e6cd elementor-widget elementor-widget-html\" data-id=\"be2e6cd\" data-element_type=\"widget\" data-widget_type=\"html.default\">\n\t\t\t\t<div class=\"elementor-widget-container\">\n\t\t\t\t\t<iframe src=\"https:\/\/dbaw.specials-bahn.de\/ae9b9666-99eb-11eb-ae5d-00163efd4d20.html\" width=\"300\" height=\"58\" name=\"iFrame\" >\n<\/iframe>\t\t\t\t<\/div>\n\t\t\t\t<\/div>\n\t\t\t\t\t<\/div>\n\t\t<\/div>\n\t\t\t\t<div class=\"elementor-column elementor-col-66 elementor-top-column elementor-element elementor-element-52df051\" data-id=\"52df051\" data-element_type=\"column\">\n\t\t\t<div class=\"elementor-widget-wrap elementor-element-populated\">\n\t\t\t\t\t\t<div class=\"elementor-element elementor-element-de95f35 elementor-widget elementor-widget-text-editor\" data-id=\"de95f35\" data-element_type=\"widget\" data-widget_type=\"text-editor.default\">\n\t\t\t\t<div class=\"elementor-widget-container\">\n\t\t\t\t\t\t\t\t\t<p><strong>Anreise per Bahn:<\/strong><br \/>Linie S3 bis Bad Sch\u00f6nborn-Kronau.<br \/>Nehmen Sie dann den Bus der Linie 132 Richtung \u00d6stringen und steigen an der Haltestelle Schettler-Weil-Klinik aus.<\/p>\t\t\t\t\t\t\t\t<\/div>\n\t\t\t\t<\/div>\n\t\t\t\t\t<\/div>\n\t\t<\/div>\n\t\t\t\t\t<\/div>\n\t\t<\/section>\n\t\t\t\t<section class=\"elementor-section elementor-top-section elementor-element elementor-element-9c27286 elementor-section-boxed elementor-section-height-default elementor-section-height-default\" data-id=\"9c27286\" data-element_type=\"section\">\n\t\t\t\t\t\t<div class=\"elementor-container elementor-column-gap-default\">\n\t\t\t\t\t<div class=\"elementor-column elementor-col-100 elementor-top-column elementor-element elementor-element-29cd1c7\" data-id=\"29cd1c7\" data-element_type=\"column\">\n\t\t\t<div class=\"elementor-widget-wrap elementor-element-populated\">\n\t\t\t\t\t\t<div class=\"elementor-element elementor-element-a142691 elementor-widget elementor-widget-spacer\" data-id=\"a142691\" data-element_type=\"widget\" data-widget_type=\"spacer.default\">\n\t\t\t\t<div class=\"elementor-widget-container\">\n\t\t\t\t\t\t\t<div class=\"elementor-spacer\">\n\t\t\t<div class=\"elementor-spacer-inner\"><\/div>\n\t\t<\/div>\n\t\t\t\t\t\t<\/div>\n\t\t\t\t<\/div>\n\t\t\t\t\t<\/div>\n\t\t<\/div>\n\t\t\t\t\t<\/div>\n\t\t<\/section>\n\t\t\t\t<\/div>\n\t\t","protected":false},"excerpt":{"rendered":"<p>Die Vereinsanlagen und das Freilichtmuseum befinden sich in 76669 Bad Sch\u00f6nborn, Ortsteil Bad Mingolsheim,Professor-Kurt-Sauer-Stra\u00dfe Anreise per Auto:Benutzen Sie daf\u00fcr einfach die Funktion [&hellip;]<\/p>\n","protected":false},"author":2,"featured_media":0,"parent":0,"menu_order":0,"comment_status":"closed","ping_status":"closed","template":"","meta":{"footnotes":""},"class_list":["post-438","page","type-page","status-publish","hentry"],"_links":{"self":[{"href":"https:\/\/eisenbahn-freunde-bad-schoenborn.de\/wp\/wp-json\/wp\/v2\/pages\/438","targetHints":{"allow":["GET"]}}],"collection":[{"href":"https:\/\/eisenbahn-freunde-bad-schoenborn.de\/wp\/wp-json\/wp\/v2\/pages"}],"about":[{"href":"https:\/\/eisenbahn-freunde-bad-schoenborn.de\/wp\/wp-json\/wp\/v2\/types\/page"}],"author":[{"embeddable":true,"href":"https:\/\/eisenbahn-freunde-bad-schoenborn.de\/wp\/wp-json\/wp\/v2\/users\/2"}],"replies":[{"embeddable":true,"href":"https:\/\/eisenbahn-freunde-bad-schoenborn.de\/wp\/wp-json\/wp\/v2\/comments?post=438"}],"version-history":[{"count":11,"href":"https:\/\/eisenbahn-freunde-bad-schoenborn.de\/wp\/wp-json\/wp\/v2\/pages\/438\/revisions"}],"predecessor-version":[{"id":1770,"href":"https:\/\/eisenbahn-freunde-bad-schoenborn.de\/wp\/wp-json\/wp\/v2\/pages\/438\/revisions\/1770"}],"wp:attachment":[{"href":"https:\/\/eisenbahn-freunde-bad-schoenborn.de\/wp\/wp-json\/wp\/v2\/media?parent=438"}],"curies":[{"name":"wp","href":"https:\/\/api.w.org\/{rel}","templated":true}]}}